{"id":153,"date":"2023-07-17T16:25:33","date_gmt":"2023-07-17T14:25:33","guid":{"rendered":"http:\/\/automatyka.piotrkos.pl\/?page_id=153"},"modified":"2023-12-07T17:22:27","modified_gmt":"2023-12-07T16:22:27","slug":"automatyka-bramowa","status":"publish","type":"page","link":"http:\/\/automatyka.piotrkos.pl\/index.php\/automatyka-bramowa\/","title":{"rendered":"AUTOMATYKA BRAMOWA"},"content":{"rendered":"\n<p>Automatyczna brama gara\u017cowa czy wjazdowa to wygoda i bezpiecze\u0144stwo. S\u0105 one stosowane powszechnie zar\u00f3wno na prywatnych posesjach, jak i w przypadku zak\u0142ad\u00f3w przemys\u0142owych. Wi\u0119kszo\u015b\u0107 montowanych obecnie bram wyposa\u017cona jest w nap\u0119d, kt\u00f3ry umo\u017cliwia ich p\u0142ynne przesuwanie podczas otwierania i zamykania. Automatyka mo\u017ce si\u0119 nieco r\u00f3\u017cni\u0107 w zale\u017cno\u015bci od rodzaju&nbsp;bramy, jednak og\u00f3lna zasada dzia\u0142ania si\u0142ownik\u00f3w jest prosta.&nbsp;<\/p>\n\n\n\n<p>Bram wjazdowe rozr\u00f3\u017cniamy jako przesuwne i  skrzyd\u0142owe, odpowiedni dob\u00f3r nap\u0119d\u00f3w dla ka\u017cdego rodzaju gwarantuje niezawodn\u0105 i wieloletni\u0105 ich prac\u0119. <\/p>\n\n\n\n<figure class=\"wp-block-image size-large is-resized\"><img loading=\"lazy\" decoding=\"async\" width=\"1024\" height=\"683\" src=\"http:\/\/automatyka.piotrkos.pl\/wp-content\/uploads\/2023\/07\/210199-a8de-1100x0-sc1x49927_porada-beninca-automatyka-do-bram1-budujemydompl-1024x683.webp\" alt=\"\" class=\"wp-image-155\" style=\"width:745px;height:497px\" srcset=\"http:\/\/automatyka.piotrkos.pl\/wp-content\/uploads\/2023\/07\/210199-a8de-1100x0-sc1x49927_porada-beninca-automatyka-do-bram1-budujemydompl-1024x683.webp 1024w, http:\/\/automatyka.piotrkos.pl\/wp-content\/uploads\/2023\/07\/210199-a8de-1100x0-sc1x49927_porada-beninca-automatyka-do-bram1-budujemydompl-300x200.webp 300w, http:\/\/automatyka.piotrkos.pl\/wp-content\/uploads\/2023\/07\/210199-a8de-1100x0-sc1x49927_porada-beninca-automatyka-do-bram1-budujemydompl-768x512.webp 768w, http:\/\/automatyka.piotrkos.pl\/wp-content\/uploads\/2023\/07\/210199-a8de-1100x0-sc1x49927_porada-beninca-automatyka-do-bram1-budujemydompl.webp 1100w\" sizes=\"auto, (max-width: 1024px) 100vw, 1024px\" \/><\/figure>\n\n\n\n<p>Elektryczne systemy nap\u0119dowe do bram wjazdowych, takie jak skrzyd\u0142owe czy przes\u00f3wne, oferuj\u0105 szereg zalet, takich jak szybko\u015b\u0107, efektywno\u015b\u0107 i uniwersalno\u015b\u0107. Ich dzia\u0142anie opiera si\u0119 na wykorzystaniu silnika elektrycznego, kt\u00f3ry poprzez przetwornic\u0119 lub uk\u0142ad bezstykowy przenosi energi\u0119 do ruchomego mechanizmu otwieraj\u0105cego i zamykaj\u0105cego drzwi.<\/p>\n\n\n\n<p>Elektryczne systemy nap\u0119dowe skrzyd\u0142owych bram wjazdowych s\u0105 popularne z powodu ich wysokiej efektywno\u015bci, elastyczno\u015bci oraz braku konieczno\u015bci korzystania z niebezpiecznych cieczy. W przypadku tych system\u00f3w, ruchomy mechanizm otwieraj\u0105cy i zamykaj\u0105cy drzwi mo\u017ce by\u0107 sterowany za pomoc\u0105 silnika elektrycznego umieszczonego zar\u00f3wno wewn\u0105trz bramy, jak i wzd\u0142u\u017c jej \u015bciany. Dzi\u0119ki temu, system nap\u0119dowy jest ca\u0142kowicie zintegrowany z bram\u0105, co zapewnia bezpiecze\u0144stwo i niezawodno\u015b\u0107 w czasie rzeczywistym.<\/p>\n\n\n\n<p>Podobnie, w przypadku elektrycznych system\u00f3w nap\u0119dowych przesownych bram wjazdowych, ich dzia\u0142anie opiera si\u0119 na przeniesieniu energii elektrycznej do ruchomego mechanizmu, kt\u00f3ry przesuwa ca\u0142\u0105 konstrukcj\u0119 bramy. W zale\u017cno\u015bci od konkretnego modelu, ten mechanizm mo\u017ce by\u0107 nap\u0119dzany silnikiem elektrycznym, kt\u00f3ry wraz z przek\u0142adniami, przenosi drzwi w g\u00f3r\u0119 lub w d\u00f3\u0142.<\/p>\n\n\n\n<p>Elektryczne systemy nap\u0119dowe skrzyd\u0142owych i przesownych bram wjazdowych charakteryzuj\u0105 si\u0119 tak\u017ce znaczn\u0105 niezawodno\u015bci\u0105, kt\u00f3ra wynika z tego, \u017ce s\u0105 one wolne od uci\u0105\u017cliwych element\u00f3w takich jak \u0142a\u0144cuchy czy szyny. Dodatkowo, elektryczne systemy nap\u0119dowe oferuj\u0105 mo\u017cliwo\u015b\u0107 sterowania drzwiami za pomoc\u0105 dystansowego systemu sterowania, kt\u00f3ry umo\u017cliwia korzystanie z urz\u0105dze\u0144 zdalnego sterowania bram\u0105, takich jak pilotki, tablety czy telefony kom\u00f3rkowe.<\/p>\n\n\n\n<p>Podsumowuj\u0105c, elektryczne systemy nap\u0119dowe do bram wjazdowych, zar\u00f3wno skrzyd\u0142owych, jak i przesownych, s\u0105 nowoczesnym, bezpiecznym i niezawodnym rozwi\u0105zaniem, kt\u00f3re oferuje szereg korzy\u015bci. Dzi\u0119ki ich uniwersalno\u015bci, wysokiej efektywno\u015bci oraz mo\u017cliwo\u015bci sterowania zdalnego, s\u0105 one idealnym wyborem dla zar\u00f3wno nowych, jak i ju\u017c istniej\u0105cych instalacji.<\/p>\n","protected":false},"excerpt":{"rendered":"<p>Automatyczna brama gara\u017cowa czy wjazdowa to wygoda i bezpiecze\u0144stwo. S\u0105 one stosowane powszechnie zar\u00f3wno na prywatnych posesjach, jak i w<\/p>\n","protected":false},"author":1,"featured_media":0,"parent":0,"menu_order":0,"comment_status":"closed","ping_status":"closed","template":"","meta":{"footnotes":""},"class_list":["post-153","page","type-page","status-publish","hentry"],"_links":{"self":[{"href":"http:\/\/automatyka.piotrkos.pl\/index.php\/wp-json\/wp\/v2\/pages\/153","targetHints":{"allow":["GET"]}}],"collection":[{"href":"http:\/\/automatyka.piotrkos.pl\/index.php\/wp-json\/wp\/v2\/pages"}],"about":[{"href":"http:\/\/automatyka.piotrkos.pl\/index.php\/wp-json\/wp\/v2\/types\/page"}],"author":[{"embeddable":true,"href":"http:\/\/automatyka.piotrkos.pl\/index.php\/wp-json\/wp\/v2\/users\/1"}],"replies":[{"embeddable":true,"href":"http:\/\/automatyka.piotrkos.pl\/index.php\/wp-json\/wp\/v2\/comments?post=153"}],"version-history":[{"count":2,"href":"http:\/\/automatyka.piotrkos.pl\/index.php\/wp-json\/wp\/v2\/pages\/153\/revisions"}],"predecessor-version":[{"id":203,"href":"http:\/\/automatyka.piotrkos.pl\/index.php\/wp-json\/wp\/v2\/pages\/153\/revisions\/203"}],"wp:attachment":[{"href":"http:\/\/automatyka.piotrkos.pl\/index.php\/wp-json\/wp\/v2\/media?parent=153"}],"curies":[{"name":"wp","href":"https:\/\/api.w.org\/{rel}","templated":true}]}}