{"id":33,"date":"2022-08-30T19:43:40","date_gmt":"2022-08-30T17:43:40","guid":{"rendered":"http:\/\/automatyka.piotrkos.pl\/?page_id=33"},"modified":"2022-08-30T21:34:23","modified_gmt":"2022-08-30T19:34:23","slug":"kontakt","status":"publish","type":"page","link":"http:\/\/automatyka.piotrkos.pl\/index.php\/kontakt\/","title":{"rendered":"Kontakt"},"content":{"rendered":"\n<p>Chcesz si\u0119 dowiedzie\u0107 o instalacji kt\u00f3r\u0105 to mo\u017cemy przygotowa\u0107 dla Ciebie? Napisz zapytanie.<\/p>\n\n\n<div class=\"wpforms-container wpforms-container-full wpforms-block\" id=\"wpforms-78\"><form id=\"wpforms-form-78\" class=\"wpforms-validate wpforms-form wpforms-ajax-form\" data-formid=\"78\" method=\"post\" enctype=\"multipart\/form-data\" action=\"\/index.php\/wp-json\/wp\/v2\/pages\/33\" data-token=\"b94b242820b0aeae0b66297980b15e14\"><noscript class=\"wpforms-error-noscript\">Aby wype\u0142ni\u0107 ten formularz, w\u0142\u0105cz obs\u0142ug\u0119 JavaScript w przegl\u0105darce.<\/noscript><div class=\"wpforms-field-container\"><div id=\"wpforms-78-field_0-container\" class=\"wpforms-field wpforms-field-name\" data-field-id=\"0\"><label class=\"wpforms-field-label\" for=\"wpforms-78-field_0\">Imi\u0119 i Nazwisko <span class=\"wpforms-required-label\">*<\/span><\/label><input type=\"text\" id=\"wpforms-78-field_0\" class=\"wpforms-field-medium wpforms-field-required\" name=\"wpforms[fields][0]\" required><\/div><div id=\"wpforms-78-field_1-container\" class=\"wpforms-field wpforms-field-email\" data-field-id=\"1\"><label class=\"wpforms-field-label\" for=\"wpforms-78-field_1\">Email <span class=\"wpforms-required-label\">*<\/span><\/label><input type=\"email\" id=\"wpforms-78-field_1\" class=\"wpforms-field-medium wpforms-field-required\" name=\"wpforms[fields][1]\" spellcheck=\"false\" required><\/div><div id=\"wpforms-78-field_6-container\" class=\"wpforms-field wpforms-field-number\" data-field-id=\"6\"><label class=\"wpforms-field-label\" for=\"wpforms-78-field_6\">Numer telefonu<\/label><input type=\"number\" pattern=\"\\d*\" id=\"wpforms-78-field_6\" class=\"wpforms-field-medium\" name=\"wpforms[fields][6]\" value=\"+48 \" ><\/div><div id=\"wpforms-78-field_7-container\" class=\"wpforms-field wpforms-field-radio wpforms-list-inline\" data-field-id=\"7\"><label class=\"wpforms-field-label\" for=\"wpforms-78-field_7\">Wybierz kategorie zapytania <span class=\"wpforms-required-label\">*<\/span><\/label><ul id=\"wpforms-78-field_7\" class=\"wpforms-randomize wpforms-field-required\"><li class=\"choice-1 depth-1\"><input type=\"radio\" id=\"wpforms-78-field_7_1\" name=\"wpforms[fields][7]\" value=\"Automatyka domowa\" required ><label class=\"wpforms-field-label-inline\" for=\"wpforms-78-field_7_1\">Automatyka domowa<\/label><\/li><li class=\"choice-2 depth-1\"><input type=\"radio\" id=\"wpforms-78-field_7_2\" name=\"wpforms[fields][7]\" value=\"Monitoring CCTV\" required ><label class=\"wpforms-field-label-inline\" for=\"wpforms-78-field_7_2\">Monitoring CCTV<\/label><\/li><li class=\"choice-3 depth-1\"><input type=\"radio\" id=\"wpforms-78-field_7_3\" name=\"wpforms[fields][7]\" value=\"Nap\u0119d bramowy\" required ><label class=\"wpforms-field-label-inline\" for=\"wpforms-78-field_7_3\">Nap\u0119d bramowy<\/label><\/li><li class=\"choice-4 depth-1\"><input type=\"radio\" id=\"wpforms-78-field_7_4\" name=\"wpforms[fields][7]\" value=\"Alarm\" required ><label class=\"wpforms-field-label-inline\" for=\"wpforms-78-field_7_4\">Alarm<\/label><\/li><li class=\"choice-5 depth-1\"><input type=\"radio\" id=\"wpforms-78-field_7_5\" name=\"wpforms[fields][7]\" value=\"Domofon\" required ><label class=\"wpforms-field-label-inline\" for=\"wpforms-78-field_7_5\">Domofon<\/label><\/li><li class=\"choice-6 depth-1\"><input type=\"radio\" id=\"wpforms-78-field_7_6\" name=\"wpforms[fields][7]\" value=\"Wideodomofon\" required ><label class=\"wpforms-field-label-inline\" for=\"wpforms-78-field_7_6\">Wideodomofon<\/label><\/li><\/ul><\/div><div id=\"wpforms-78-field_2-container\" class=\"wpforms-field wpforms-field-textarea\" data-field-id=\"2\"><label class=\"wpforms-field-label\" for=\"wpforms-78-field_2\">Opis zapytania <span class=\"wpforms-required-label\">*<\/span><\/label><textarea id=\"wpforms-78-field_2\" class=\"wpforms-field-medium wpforms-field-required\" name=\"wpforms[fields][2]\" required><\/textarea><\/div><\/div><!-- .wpforms-field-container --><div class=\"wpforms-recaptcha-container wpforms-is-turnstile\" ><div class=\"g-recaptcha\" data-sitekey=\"0x4AAAAAAAOQrWd3t0LguS44\" data-action=\"FormID-78\"><\/div><input type=\"text\" name=\"g-recaptcha-hidden\" class=\"wpforms-recaptcha-hidden\" style=\"position:absolute!important;clip:rect(0,0,0,0)!important;height:1px!important;width:1px!important;border:0!important;overflow:hidden!important;padding:0!important;margin:0!important;\" data-rule-turnstile=\"1\"><\/div><div class=\"wpforms-submit-container\" ><input type=\"hidden\" name=\"wpforms[id]\" value=\"78\"><input type=\"hidden\" name=\"wpforms[author]\" value=\"1\"><button type=\"submit\" name=\"wpforms[submit]\" id=\"wpforms-submit-78\" class=\"wpforms-submit\" data-alt-text=\"Wysy\u0142anie\" data-submit-text=\"Wy\u015blij\" aria-live=\"assertive\" value=\"wpforms-submit\">Wy\u015blij<\/button><img loading=\"lazy\" decoding=\"async\" src=\"http:\/\/automatyka.piotrkos.pl\/wp-content\/plugins\/wpforms-lite\/assets\/images\/submit-spin.svg\" class=\"wpforms-submit-spinner\" style=\"display: none;\" width=\"26\" height=\"26\" alt=\"Wczytywanie\"><\/div><\/form><\/div>  <!-- .wpforms-container -->","protected":false},"excerpt":{"rendered":"<p>Chcesz si\u0119 dowiedzie\u0107 o instalacji kt\u00f3r\u0105 to mo\u017cemy przygotowa\u0107 dla Ciebie? Napisz zapytanie.<\/p>\n","protected":false},"author":1,"featured_media":0,"parent":0,"menu_order":0,"comment_status":"closed","ping_status":"closed","template":"page-templates\/contact.php","meta":{"footnotes":""},"class_list":["post-33","page","type-page","status-publish","hentry"],"_links":{"self":[{"href":"http:\/\/automatyka.piotrkos.pl\/index.php\/wp-json\/wp\/v2\/pages\/33","targetHints":{"allow":["GET"]}}],"collection":[{"href":"http:\/\/automatyka.piotrkos.pl\/index.php\/wp-json\/wp\/v2\/pages"}],"about":[{"href":"http:\/\/automatyka.piotrkos.pl\/index.php\/wp-json\/wp\/v2\/types\/page"}],"author":[{"embeddable":true,"href":"http:\/\/automatyka.piotrkos.pl\/index.php\/wp-json\/wp\/v2\/users\/1"}],"replies":[{"embeddable":true,"href":"http:\/\/automatyka.piotrkos.pl\/index.php\/wp-json\/wp\/v2\/comments?post=33"}],"version-history":[{"count":3,"href":"http:\/\/automatyka.piotrkos.pl\/index.php\/wp-json\/wp\/v2\/pages\/33\/revisions"}],"predecessor-version":[{"id":112,"href":"http:\/\/automatyka.piotrkos.pl\/index.php\/wp-json\/wp\/v2\/pages\/33\/revisions\/112"}],"wp:attachment":[{"href":"http:\/\/automatyka.piotrkos.pl\/index.php\/wp-json\/wp\/v2\/media?parent=33"}],"curies":[{"name":"wp","href":"https:\/\/api.w.org\/{rel}","templated":true}]}}