{"id":85,"date":"2022-08-30T20:57:02","date_gmt":"2022-08-30T18:57:02","guid":{"rendered":"http:\/\/automatyka.piotrkos.pl\/?page_id=85"},"modified":"2023-07-17T17:18:43","modified_gmt":"2023-07-17T15:18:43","slug":"inteligentny-dom","status":"publish","type":"page","link":"http:\/\/automatyka.piotrkos.pl\/index.php\/inteligentny-dom\/","title":{"rendered":"INTELIGENTNY DOM"},"content":{"rendered":"\n<p><strong>Inteligentny dom<\/strong> \u2013 wiele si\u0119 o nim ostatnio m\u00f3wi, ale co to tak w\u0142a\u015bciwie oznacza? Jak mo\u017cna sprawi\u0107, by dom sta\u0142 si\u0119 z technologicznego punktu widzenia inteligentny i co mo\u017cna w ten spos\u00f3b zyska\u0107? Jakie urz\u0105dzenia sk\u0142adaj\u0105 si\u0119 na inteligentny dom i jak to wszystko dzia\u0142a? Czas odpowiedzie\u0107 na najwa\u017cniejsze pytania na ten temat.<\/p>\n\n\n\n<p>Wyposa\u017camy nasze domy w coraz to nowocze\u015bniejsze urz\u0105dzenia \u2013 innowacyjny sprz\u0119t AGD, ogromne p\u0142askie telewizory i systemy audio o kinowej jako\u015bci. Wci\u0105\u017c jednak cz\u0119sto korzystamy z wszystkich tych dobrodziejstw w tradycyjny, niezbyt efektywny i efektowny spos\u00f3b. Trzeba bowiem wiedzie\u0107, \u017ce naprawd\u0119 nowoczesny dom to dom inteligentny.<\/p>\n\n\n\n<figure class=\"wp-block-image aligncenter size-full\"><img loading=\"lazy\" decoding=\"async\" width=\"749\" height=\"300\" src=\"http:\/\/automatyka.piotrkos.pl\/wp-content\/uploads\/2022\/08\/smart-home4.jpg\" alt=\"\" class=\"wp-image-90\" srcset=\"http:\/\/automatyka.piotrkos.pl\/wp-content\/uploads\/2022\/08\/smart-home4.jpg 749w, http:\/\/automatyka.piotrkos.pl\/wp-content\/uploads\/2022\/08\/smart-home4-300x120.jpg 300w\" sizes=\"auto, (max-width: 749px) 100vw, 749px\" \/><\/figure>\n\n\n\n<p><strong>Inteligentny dom (z angielskiego: Smart Home)<\/strong> to zbiorcza nazwa dla system\u00f3w i urz\u0105dze\u0144 do automatyki domowej. Innymi s\u0142owy, inteligentny dom to taki, z kt\u00f3rym domownicy s\u0105 w stanie si\u0119 porozumie\u0107 i kt\u00f3remu mog\u0105 wydawa\u0107 r\u00f3\u017cnego rodzaju polecenia.<\/p>\n\n\n\n<p>Podstaw\u0105 Inteligentnego domu jest tzw. Internet Rzeczy (ang. Internet of Things, IoT) czyli koncepcja przedmiot\u00f3w po\u0142\u0105czonych w sie\u0107, kt\u00f3re mog\u0105 si\u0119 komunikowa\u0107 mi\u0119dzy sob\u0105 i z kt\u00f3rymi skomunikowa\u0107 mog\u0105 si\u0119 te\u017c sami u\u017cytkownicy.<\/p>\n\n\n\n<p>Cho\u0107 mo\u017ce to brzmie\u0107 jak co\u015b niezwykle z\u0142o\u017conego i zagmatwanego, w rzeczywisto\u015bci (pomijaj\u0105c technologiczny aspekt ca\u0142ego przedsi\u0119wzi\u0119cia) jest to proste.<\/p>\n\n\n\n<p>Najlepiej wyt\u0142umaczy\u0107 to na przyk\u0142adzie: korzystaj\u0105c z samego tylko smartfona domownicy s\u0105 w stanie kontrolowa\u0107 temperatur\u0119 w pomieszczeniach oraz kolor i nat\u0119\u017cenie o\u015bwietlenia, w\u0142\u0105cza\u0107 i wy\u0142\u0105cza\u0107 urz\u0105dzenia pod\u0142\u0105czone do gniazdek elektrycznych, a tak\u017ce ogl\u0105da\u0107 wideo na \u017cywo z monitoringu. A wiele z tych czynno\u015bci mog\u0105 wykonywa\u0107 nawet wtedy, gdy znajduj\u0105 si\u0119 z dala od swojego miejsca zamieszkania.<\/p>\n\n\n\n<p>Za\u0142o\u017cenie koncepcji inteligentnego domu jest takie, by zmaksymalizowa\u0107 funkcjonalno\u015b\u0107 i komfort mieszkania, a jednocze\u015bnie wnie\u015b\u0107 bezpiecze\u0144stwo na najwy\u017cszy poziom. W parze z tym powinno jeszcze i\u015b\u0107 zmniejszenie koszt\u00f3w \u017cycia (a przede wszystkim: obni\u017cenie rachunk\u00f3w za pr\u0105d).<\/p>\n\n\n\n<p>Na inteligentny dom sk\u0142ada si\u0119 wiele r\u00f3\u017cnych urz\u0105dze\u0144 \u2013 im jest ich wi\u0119cej, tym bardziej \u201einteligentne\u201d staje si\u0119 nasze mieszkanie. Jedne komponenty odpowiadaj\u0105 za bezpiecze\u0144stwo, drugie poprawiaj\u0105 komfort, a jeszcze inne mog\u0105 przynie\u015b\u0107 oszcz\u0119dno\u015bci. Wymie\u0144my je zatem:<\/p>\n\n\n\n<p><strong>Podstawowe urz\u0105dzenia inteligentnego domu:<\/strong><\/p>\n\n\n\n<ul class=\"wp-block-list\">\n<li><strong>inteligentne gniazdka<\/strong> (tzw. Smart Plug pozwalaj\u0105ce w\u0142\u0105cza\u0107 i wy\u0142\u0105cza\u0107 urz\u0105dzenia elektryczne, ustala\u0107 harmonogram i monitorowa\u0107 u\u017cycie energii),<\/li>\n\n\n\n<li><strong>inteligentne o\u015bwietlenie<\/strong> (sterowane ze smartfona, opcjonalnie: z regulacj\u0105 jasno\u015bci i barwy),<\/li>\n\n\n\n<li><strong>inteligentne ogrzewanie<\/strong> (s\u0142u\u017c\u0105ce do kontrolowania temperatury w pomieszczeniach),<\/li>\n\n\n\n<li><strong>inteligentne czujniki<\/strong> (np. czujniki dymu, czujniki gazu, czujniki temperatury, czy czujniki zalania),<\/li>\n\n\n\n<li><strong>kamery do monitoringu<\/strong> (rejestruj\u0105ce wideo, opcjonalnie: nagrywaj\u0105ce po zmroku i zapisuj\u0105ce w chmurze),<\/li>\n\n\n\n<li><strong>systemy alarmowe<\/strong> (np. czujniki ruchu, czujniki drzwi i okien oraz syreny alarmowe).<\/li>\n<\/ul>\n\n\n\n<p>Urz\u0105dzenia te mog\u0105 by\u0107 dost\u0119pne (i u\u017cywane) pojedynczo, ale mog\u0105 te\u017c by\u0107 \u0142\u0105czone w zestawy inteligentnego domu. Czasem te\u017c s\u0105 one przystosowane do konkretnego pojedynczego zadania: na przyk\u0142ad zestawy do monitoringu. W sk\u0142ad tych ostatnich mog\u0105 wi\u0119c \u2013 dla przyk\u0142adu \u2013 wchodzi\u0107: kamery, czujniki drzwi i okien, czujniki ruchu, czujnik temperatury i wilgoci oraz centralka.<\/p>\n\n\n\n<p>Centralki inteligentnego domu Skoro ju\u017c przy niej jeste\u015bmy, centralka to podstawowy element inteligentnego domu, jako \u017ce to ona odpowiada za sterowanie i zarz\u0105dzanie ca\u0142ym systemem. \u0141\u0105czy si\u0119 ona z wszystkimi komponentami oraz z sieci\u0105 Internet, dzi\u0119ki czemu u\u017cytkownicy mog\u0105 korzysta\u0107 z systemu nawet wtedy, gdy znajduj\u0105 si\u0119 poza domem.<\/p>\n\n\n\n<p><strong>Wszystkimi aspektami inteligentnego domu zajmujemy si\u0119 my. S\u0142u\u017cymy pomoc\u0105 w doborze urz\u0105dze\u0144 jak r\u00f3wnie\u017c zakupem, monta\u017cem i konfigurowaniem by wszystko ze sob\u0105 wsp\u00f3\u0142pracowa\u0142o i \u017cycie by\u0142o \u0142atwiejsze.<\/strong><\/p>\n\n\n\n<p class=\"has-medium-font-size\"><a href=\"http:\/\/automatyka.piotrkos.pl\/index.php\/182-2\/\" data-type=\"page\" data-id=\"182\">Najlepszym rozwi\u0105zaniem integruj\u0105cym inteligentne urz\u0105dzenia w domu jest system Home Assistant.<\/a><\/p>\n\n\n\n<div class=\"wp-block-buttons alignwide is-content-justification-center is-layout-flex wp-container-core-buttons-is-layout-a89b3969 wp-block-buttons-is-layout-flex\">\n<div class=\"wp-block-button is-style-fill\"><a class=\"wp-block-button__link wp-element-button\" href=\"http:\/\/automatyka.piotrkos.pl\/index.php\/kontakt\/\">Zapraszam do kontakru<\/a><\/div>\n<\/div>\n","protected":false},"excerpt":{"rendered":"<p>Inteligentny dom \u2013 wiele si\u0119 o nim ostatnio m\u00f3wi, ale co to tak w\u0142a\u015bciwie oznacza? Jak mo\u017cna sprawi\u0107, by dom<\/p>\n","protected":false},"author":1,"featured_media":0,"parent":0,"menu_order":0,"comment_status":"closed","ping_status":"closed","template":"","meta":{"footnotes":""},"class_list":["post-85","page","type-page","status-publish","hentry"],"_links":{"self":[{"href":"http:\/\/automatyka.piotrkos.pl\/index.php\/wp-json\/wp\/v2\/pages\/85","targetHints":{"allow":["GET"]}}],"collection":[{"href":"http:\/\/automatyka.piotrkos.pl\/index.php\/wp-json\/wp\/v2\/pages"}],"about":[{"href":"http:\/\/automatyka.piotrkos.pl\/index.php\/wp-json\/wp\/v2\/types\/page"}],"author":[{"embeddable":true,"href":"http:\/\/automatyka.piotrkos.pl\/index.php\/wp-json\/wp\/v2\/users\/1"}],"replies":[{"embeddable":true,"href":"http:\/\/automatyka.piotrkos.pl\/index.php\/wp-json\/wp\/v2\/comments?post=85"}],"version-history":[{"count":4,"href":"http:\/\/automatyka.piotrkos.pl\/index.php\/wp-json\/wp\/v2\/pages\/85\/revisions"}],"predecessor-version":[{"id":186,"href":"http:\/\/automatyka.piotrkos.pl\/index.php\/wp-json\/wp\/v2\/pages\/85\/revisions\/186"}],"wp:attachment":[{"href":"http:\/\/automatyka.piotrkos.pl\/index.php\/wp-json\/wp\/v2\/media?parent=85"}],"curies":[{"name":"wp","href":"https:\/\/api.w.org\/{rel}","templated":true}]}}